{"id":4941,"date":"2020-08-28T10:11:29","date_gmt":"2020-08-28T10:11:29","guid":{"rendered":"http:\/\/localhost\/marion\/index.php\/contact-i\/"},"modified":"2026-03-08T09:10:06","modified_gmt":"2026-03-08T08:10:06","slug":"contact","status":"publish","type":"page","link":"https:\/\/stylistephoto.fr\/index.php\/contact\/","title":{"rendered":"Contact"},"content":{"rendered":"<div class=\"wpb-content-wrapper\"><p>[vc_row section_type=\u00a0\u00bbcontainer-width\u00a0\u00bb rc_font_color=\u00a0\u00bb#252525&Prime;][vc_column width=\u00a0\u00bb2\/12&Prime;][\/vc_column][vc_column width=\u00a0\u00bb8\/12&Prime;][vc_column_text css=\u00a0\u00bb\u00a0\u00bb]<\/p>\n<h2 class=\"xl-headline\">Contactez-moi<\/h2>\n<p>[\/vc_column_text][\/vc_column][vc_column width=\u00a0\u00bb2\/12&Prime;][\/vc_column][\/vc_row][vc_row section_type=\u00a0\u00bbcontainer-width\u00a0\u00bb][vc_column width=\u00a0\u00bb2\/12&Prime;][\/vc_column][vc_column width=\u00a0\u00bb4\/12&Prime;][vc_column_text css=\u00a0\u00bb\u00a0\u00bb]<strong><span style=\"color: #252525; font-size: 24px;\">Marion Parfait &#8211; Styliste Photo<\/span><\/strong><\/p>\n<p style=\"color: #7a7a7a; font-size: 14px; line-height: 1.6;\">marion@stylistephoto.fr<\/p>\n<p style=\"color: #7a7a7a; font-size: 14px; line-height: 1.6;\">T\u00e9l\u00e9phone : (+33) 6 03 18 04 95<\/p>\n<p style=\"color: #7a7a7a; font-size: 14px; line-height: 1.6;\"><i class=\"fab fa-instagram\" style=\"font-size: 20px;\"><\/i><a href=\"https:\/\/www.instagram.com\/stylistephotoparis\/\" target=\"_blank\" rel=\"noopener\"> Stylistephotoparis<\/a><\/p>\n<p>[\/vc_column_text][\/vc_column][vc_column width=\u00a0\u00bb4\/12&Prime;]<div class=\"grve-element grve-contact-form grve-small-text grve-form-btn-simple grve-form-btn-square grve-form-btn-bg-white grve-form-btn-bg-hover-grey grve-form-btn-medium grve-form-input-border-type-solid grve-form-input-border-primary-6 grve-form-input-text-dark-grey grve-form-input-placeholder-dark-grey grve-form-input-bg-white\">\n<div class=\"wpcf7 no-js\" id=\"wpcf7-f668-o1\" lang=\"en-US\" dir=\"ltr\" data-wpcf7-id=\"668\">\n<div class=\"screen-reader-response\"><p role=\"status\" aria-live=\"polite\" aria-atomic=\"true\"><\/p> <ul><\/ul><\/div>\n<form action=\"\/index.php\/wp-json\/wp\/v2\/pages\/4941#wpcf7-f668-o1\" method=\"post\" class=\"wpcf7-form init\" aria-label=\"Contact form\" novalidate=\"novalidate\" data-status=\"init\">\n<fieldset class=\"hidden-fields-container\"><input type=\"hidden\" name=\"_wpcf7\" value=\"668\" \/><input type=\"hidden\" name=\"_wpcf7_version\" value=\"6.1.5\" \/><input type=\"hidden\" name=\"_wpcf7_locale\" value=\"en_US\" \/><input type=\"hidden\" name=\"_wpcf7_unit_tag\" value=\"wpcf7-f668-o1\" \/><input type=\"hidden\" name=\"_wpcf7_container_post\" value=\"0\" \/><input type=\"hidden\" name=\"_wpcf7_posted_data_hash\" value=\"\" \/>\n<\/fieldset>\n<label> \n    <span class=\"wpcf7-form-control-wrap\" data-name=\"your-name\"><input size=\"40\" maxlength=\"400\" class=\"wpcf7-form-control wpcf7-text wpcf7-validates-as-required\" aria-required=\"true\" aria-invalid=\"false\" placeholder=\"Nom\" value=\"\" type=\"text\" name=\"your-name\" \/><\/span>\n<\/label>\n\n<label> \n    <span class=\"wpcf7-form-control-wrap\" data-name=\"your-email\"><input size=\"40\" maxlength=\"400\" class=\"wpcf7-form-control wpcf7-email wpcf7-validates-as-required wpcf7-text wpcf7-validates-as-email\" aria-required=\"true\" aria-invalid=\"false\" placeholder=\"Email\" value=\"\" type=\"email\" name=\"your-email\" \/><\/span>\n<\/label>\n\n<label> \n    <span class=\"wpcf7-form-control-wrap\" data-name=\"your-message\"><textarea cols=\"40\" rows=\"10\" maxlength=\"2000\" class=\"wpcf7-form-control wpcf7-textarea wpcf7-validates-as-required\" aria-required=\"true\" aria-invalid=\"false\" placeholder=\"Message\" name=\"your-message\"><\/textarea><\/span>\n<\/label>\n\n<input class=\"wpcf7-form-control wpcf7-submit has-spinner\" type=\"submit\" value=\"Envoyer votre message\" \/><div class=\"wpcf7-response-output\" aria-hidden=\"true\"><\/div>\n<\/form>\n<\/div>\n<\/div>[\/vc_column][vc_column width=\u00a0\u00bb2\/12&Prime;][\/vc_column][\/vc_row][vc_row][vc_column]<div style=\"height: 15px;\" class=\"grve-empty-space\"><\/div>[\/vc_column][\/vc_row]<\/p>\n<\/div>","protected":false},"excerpt":{"rendered":"<p>We don\u2019t believe in compromise. You, your brand and your users deserve the very best, and that\u2019s why we pour our love, dedication and expertise into<br \/>\nevery one of our prized WordPress themes. <\/p>\n","protected":false},"author":1,"featured_media":6435,"parent":0,"menu_order":0,"comment_status":"closed","ping_status":"closed","template":"","meta":{"footnotes":""},"class_list":["post-4941","page","type-page","status-publish","has-post-thumbnail","hentry","grve-entry-item"],"yoast_head":"<!-- This site is optimized with the Yoast SEO plugin v27.2 - https:\/\/yoast.com\/product\/yoast-seo-wordpress\/ -->\n<title>Styliste Photo Paris - Marion Parfait<\/title>\n<meta name=\"description\" content=\"Styliste photo e-commerce freelance, bas\u00e9e \u00e0 Paris, je propose les services suivant: packshot, piqu\u00e9, ghost, composition d&#039;ambiance, set design, pr\u00e9paration, habillage, dans des domaines vari\u00e9s tels que la mode, la cosm\u00e9tique, le linge de maison, Styliste mati\u00e8re, texture, makeup, shooting...\" \/>\n<meta name=\"robots\" content=\"index, follow, max-snippet:-1, max-image-preview:large, max-video-preview:-1\" \/>\n<link rel=\"canonical\" href=\"https:\/\/stylistephoto.fr\/index.php\/contact\/\" \/>\n<meta property=\"og:locale\" content=\"fr_FR\" \/>\n<meta property=\"og:type\" content=\"article\" \/>\n<meta property=\"og:title\" content=\"Styliste Photo Paris - Marion Parfait\" \/>\n<meta property=\"og:description\" content=\"Styliste photo e-commerce freelance, bas\u00e9e \u00e0 Paris, je propose les services suivant: packshot, piqu\u00e9, ghost, composition d&#039;ambiance, set design, pr\u00e9paration, habillage, dans des domaines vari\u00e9s tels que la mode, la cosm\u00e9tique, le linge de maison, Styliste mati\u00e8re, texture, makeup, shooting...\" \/>\n<meta property=\"og:url\" content=\"https:\/\/stylistephoto.fr\/index.php\/contact\/\" \/>\n<meta property=\"og:site_name\" content=\"Styliste Photo Paris - Marion Parfait\" \/>\n<meta property=\"article:modified_time\" content=\"2026-03-08T08:10:06+00:00\" \/>\n<meta property=\"og:image\" content=\"https:\/\/stylistephoto.fr\/wp-content\/uploads\/2021\/01\/impeka-featured-img-3.jpg\" \/>\n\t<meta property=\"og:image:width\" content=\"2560\" \/>\n\t<meta property=\"og:image:height\" content=\"1743\" \/>\n\t<meta property=\"og:image:type\" content=\"image\/jpeg\" \/>\n<meta name=\"twitter:card\" content=\"summary_large_image\" \/>\n<meta name=\"twitter:label1\" content=\"Dur\u00e9e de lecture estim\u00e9e\" \/>\n\t<meta name=\"twitter:data1\" content=\"1 minute\" \/>\n<script type=\"application\/ld+json\" class=\"yoast-schema-graph\">{\"@context\":\"https:\/\/schema.org\",\"@graph\":[{\"@type\":\"WebPage\",\"@id\":\"https:\/\/stylistephoto.fr\/index.php\/contact\/\",\"url\":\"https:\/\/stylistephoto.fr\/index.php\/contact\/\",\"name\":\"Styliste Photo Paris - Marion Parfait\",\"isPartOf\":{\"@id\":\"https:\/\/stylistephoto.fr\/#website\"},\"primaryImageOfPage\":{\"@id\":\"https:\/\/stylistephoto.fr\/index.php\/contact\/#primaryimage\"},\"image\":{\"@id\":\"https:\/\/stylistephoto.fr\/index.php\/contact\/#primaryimage\"},\"thumbnailUrl\":\"https:\/\/stylistephoto.fr\/wp-content\/uploads\/2021\/01\/impeka-featured-img-3.jpg\",\"datePublished\":\"2020-08-28T10:11:29+00:00\",\"dateModified\":\"2026-03-08T08:10:06+00:00\",\"description\":\"Styliste photo e-commerce freelance, bas\u00e9e \u00e0 Paris, je propose les services suivant: packshot, piqu\u00e9, ghost, composition d'ambiance, set design, pr\u00e9paration, habillage, dans des domaines vari\u00e9s tels que la mode, la cosm\u00e9tique, le linge de maison, Styliste mati\u00e8re, texture, makeup, shooting...\",\"breadcrumb\":{\"@id\":\"https:\/\/stylistephoto.fr\/index.php\/contact\/#breadcrumb\"},\"inLanguage\":\"fr-FR\",\"potentialAction\":[{\"@type\":\"ReadAction\",\"target\":[\"https:\/\/stylistephoto.fr\/index.php\/contact\/\"]}]},{\"@type\":\"ImageObject\",\"inLanguage\":\"fr-FR\",\"@id\":\"https:\/\/stylistephoto.fr\/index.php\/contact\/#primaryimage\",\"url\":\"https:\/\/stylistephoto.fr\/wp-content\/uploads\/2021\/01\/impeka-featured-img-3.jpg\",\"contentUrl\":\"https:\/\/stylistephoto.fr\/wp-content\/uploads\/2021\/01\/impeka-featured-img-3.jpg\",\"width\":2560,\"height\":1743,\"caption\":\"Impeka - Premium WordPress Multipurpose theme by Greatives\"},{\"@type\":\"BreadcrumbList\",\"@id\":\"https:\/\/stylistephoto.fr\/index.php\/contact\/#breadcrumb\",\"itemListElement\":[{\"@type\":\"ListItem\",\"position\":1,\"name\":\"Accueil\",\"item\":\"https:\/\/stylistephoto.fr\/\"},{\"@type\":\"ListItem\",\"position\":2,\"name\":\"Contact\"}]},{\"@type\":\"WebSite\",\"@id\":\"https:\/\/stylistephoto.fr\/#website\",\"url\":\"https:\/\/stylistephoto.fr\/\",\"name\":\"Styliste Photo Paris - Marion Parfait\",\"description\":\"Styliste photo e-commerce freelance, bas\u00e9e \u00e0 Paris, je propose les services suivant: packshot, piqu\u00e9, ghost, composition d&#039;ambiance, set design, pr\u00e9paration, habillage, dans des domaines vari\u00e9s tels que la mode, la cosm\u00e9tique, le linge de maison...\",\"publisher\":{\"@id\":\"https:\/\/stylistephoto.fr\/#organization\"},\"potentialAction\":[{\"@type\":\"SearchAction\",\"target\":{\"@type\":\"EntryPoint\",\"urlTemplate\":\"https:\/\/stylistephoto.fr\/?s={search_term_string}\"},\"query-input\":{\"@type\":\"PropertyValueSpecification\",\"valueRequired\":true,\"valueName\":\"search_term_string\"}}],\"inLanguage\":\"fr-FR\"},{\"@type\":\"Organization\",\"@id\":\"https:\/\/stylistephoto.fr\/#organization\",\"name\":\"Styliste Photo Paris - Marion Parfait\",\"url\":\"https:\/\/stylistephoto.fr\/\",\"logo\":{\"@type\":\"ImageObject\",\"inLanguage\":\"fr-FR\",\"@id\":\"https:\/\/stylistephoto.fr\/#\/schema\/logo\/image\/\",\"url\":\"https:\/\/stylistephoto.fr\/wp-content\/uploads\/2026\/01\/logo_stylistephoto.png\",\"contentUrl\":\"https:\/\/stylistephoto.fr\/wp-content\/uploads\/2026\/01\/logo_stylistephoto.png\",\"width\":2484,\"height\":192,\"caption\":\"Styliste Photo Paris - Marion Parfait\"},\"image\":{\"@id\":\"https:\/\/stylistephoto.fr\/#\/schema\/logo\/image\/\"},\"sameAs\":[\"https:\/\/www.instagram.com\/stylistephotoparis\/\"]}]}<\/script>\n<!-- \/ Yoast SEO plugin. -->","yoast_head_json":{"title":"Styliste Photo Paris - Marion Parfait","description":"Styliste photo e-commerce freelance, bas\u00e9e \u00e0 Paris, je propose les services suivant: packshot, piqu\u00e9, ghost, composition d'ambiance, set design, pr\u00e9paration, habillage, dans des domaines vari\u00e9s tels que la mode, la cosm\u00e9tique, le linge de maison, Styliste mati\u00e8re, texture, makeup, shooting...","robots":{"index":"index","follow":"follow","max-snippet":"max-snippet:-1","max-image-preview":"max-image-preview:large","max-video-preview":"max-video-preview:-1"},"canonical":"https:\/\/stylistephoto.fr\/index.php\/contact\/","og_locale":"fr_FR","og_type":"article","og_title":"Styliste Photo Paris - Marion Parfait","og_description":"Styliste photo e-commerce freelance, bas\u00e9e \u00e0 Paris, je propose les services suivant: packshot, piqu\u00e9, ghost, composition d'ambiance, set design, pr\u00e9paration, habillage, dans des domaines vari\u00e9s tels que la mode, la cosm\u00e9tique, le linge de maison, Styliste mati\u00e8re, texture, makeup, shooting...","og_url":"https:\/\/stylistephoto.fr\/index.php\/contact\/","og_site_name":"Styliste Photo Paris - Marion Parfait","article_modified_time":"2026-03-08T08:10:06+00:00","og_image":[{"width":2560,"height":1743,"url":"https:\/\/stylistephoto.fr\/wp-content\/uploads\/2021\/01\/impeka-featured-img-3.jpg","type":"image\/jpeg"}],"twitter_card":"summary_large_image","twitter_misc":{"Dur\u00e9e de lecture estim\u00e9e":"1 minute"},"schema":{"@context":"https:\/\/schema.org","@graph":[{"@type":"WebPage","@id":"https:\/\/stylistephoto.fr\/index.php\/contact\/","url":"https:\/\/stylistephoto.fr\/index.php\/contact\/","name":"Styliste Photo Paris - Marion Parfait","isPartOf":{"@id":"https:\/\/stylistephoto.fr\/#website"},"primaryImageOfPage":{"@id":"https:\/\/stylistephoto.fr\/index.php\/contact\/#primaryimage"},"image":{"@id":"https:\/\/stylistephoto.fr\/index.php\/contact\/#primaryimage"},"thumbnailUrl":"https:\/\/stylistephoto.fr\/wp-content\/uploads\/2021\/01\/impeka-featured-img-3.jpg","datePublished":"2020-08-28T10:11:29+00:00","dateModified":"2026-03-08T08:10:06+00:00","description":"Styliste photo e-commerce freelance, bas\u00e9e \u00e0 Paris, je propose les services suivant: packshot, piqu\u00e9, ghost, composition d'ambiance, set design, pr\u00e9paration, habillage, dans des domaines vari\u00e9s tels que la mode, la cosm\u00e9tique, le linge de maison, Styliste mati\u00e8re, texture, makeup, shooting...","breadcrumb":{"@id":"https:\/\/stylistephoto.fr\/index.php\/contact\/#breadcrumb"},"inLanguage":"fr-FR","potentialAction":[{"@type":"ReadAction","target":["https:\/\/stylistephoto.fr\/index.php\/contact\/"]}]},{"@type":"ImageObject","inLanguage":"fr-FR","@id":"https:\/\/stylistephoto.fr\/index.php\/contact\/#primaryimage","url":"https:\/\/stylistephoto.fr\/wp-content\/uploads\/2021\/01\/impeka-featured-img-3.jpg","contentUrl":"https:\/\/stylistephoto.fr\/wp-content\/uploads\/2021\/01\/impeka-featured-img-3.jpg","width":2560,"height":1743,"caption":"Impeka - Premium WordPress Multipurpose theme by Greatives"},{"@type":"BreadcrumbList","@id":"https:\/\/stylistephoto.fr\/index.php\/contact\/#breadcrumb","itemListElement":[{"@type":"ListItem","position":1,"name":"Accueil","item":"https:\/\/stylistephoto.fr\/"},{"@type":"ListItem","position":2,"name":"Contact"}]},{"@type":"WebSite","@id":"https:\/\/stylistephoto.fr\/#website","url":"https:\/\/stylistephoto.fr\/","name":"Styliste Photo Paris - Marion Parfait","description":"Styliste photo e-commerce freelance, bas\u00e9e \u00e0 Paris, je propose les services suivant: packshot, piqu\u00e9, ghost, composition d&#039;ambiance, set design, pr\u00e9paration, habillage, dans des domaines vari\u00e9s tels que la mode, la cosm\u00e9tique, le linge de maison...","publisher":{"@id":"https:\/\/stylistephoto.fr\/#organization"},"potentialAction":[{"@type":"SearchAction","target":{"@type":"EntryPoint","urlTemplate":"https:\/\/stylistephoto.fr\/?s={search_term_string}"},"query-input":{"@type":"PropertyValueSpecification","valueRequired":true,"valueName":"search_term_string"}}],"inLanguage":"fr-FR"},{"@type":"Organization","@id":"https:\/\/stylistephoto.fr\/#organization","name":"Styliste Photo Paris - Marion Parfait","url":"https:\/\/stylistephoto.fr\/","logo":{"@type":"ImageObject","inLanguage":"fr-FR","@id":"https:\/\/stylistephoto.fr\/#\/schema\/logo\/image\/","url":"https:\/\/stylistephoto.fr\/wp-content\/uploads\/2026\/01\/logo_stylistephoto.png","contentUrl":"https:\/\/stylistephoto.fr\/wp-content\/uploads\/2026\/01\/logo_stylistephoto.png","width":2484,"height":192,"caption":"Styliste Photo Paris - Marion Parfait"},"image":{"@id":"https:\/\/stylistephoto.fr\/#\/schema\/logo\/image\/"},"sameAs":["https:\/\/www.instagram.com\/stylistephotoparis\/"]}]}},"_links":{"self":[{"href":"https:\/\/stylistephoto.fr\/index.php\/wp-json\/wp\/v2\/pages\/4941","targetHints":{"allow":["GET"]}}],"collection":[{"href":"https:\/\/stylistephoto.fr\/index.php\/wp-json\/wp\/v2\/pages"}],"about":[{"href":"https:\/\/stylistephoto.fr\/index.php\/wp-json\/wp\/v2\/types\/page"}],"author":[{"embeddable":true,"href":"https:\/\/stylistephoto.fr\/index.php\/wp-json\/wp\/v2\/users\/1"}],"replies":[{"embeddable":true,"href":"https:\/\/stylistephoto.fr\/index.php\/wp-json\/wp\/v2\/comments?post=4941"}],"version-history":[{"count":49,"href":"https:\/\/stylistephoto.fr\/index.php\/wp-json\/wp\/v2\/pages\/4941\/revisions"}],"predecessor-version":[{"id":8647,"href":"https:\/\/stylistephoto.fr\/index.php\/wp-json\/wp\/v2\/pages\/4941\/revisions\/8647"}],"wp:featuredmedia":[{"embeddable":true,"href":"https:\/\/stylistephoto.fr\/index.php\/wp-json\/wp\/v2\/media\/6435"}],"wp:attachment":[{"href":"https:\/\/stylistephoto.fr\/index.php\/wp-json\/wp\/v2\/media?parent=4941"}],"curies":[{"name":"wp","href":"https:\/\/api.w.org\/{rel}","templated":true}]}}